{"id":4036,"date":"2021-07-22T20:31:28","date_gmt":"2021-07-22T19:31:28","guid":{"rendered":"https:\/\/www.theredwolf.net\/politica-de-privacidad\/"},"modified":"2025-07-27T17:54:28","modified_gmt":"2025-07-27T16:54:28","slug":"politica-de-privacidad","status":"publish","type":"page","link":"https:\/\/www.theredwolf.net\/es\/politica-de-privacidad\/","title":{"rendered":"Pol\u00edtica de privacidad"},"content":{"rendered":"<div id=\"ez-toc-container\" class=\"ez-toc-v2_0_80 ez-toc-wrap-right-text counter-hierarchy ez-toc-counter ez-toc-custom ez-toc-container-direction\">\n<div class=\"ez-toc-title-container\">\n<p class=\"ez-toc-title\" style=\"cursor:inherit\">\u00cdndice<\/p>\n<span class=\"ez-toc-title-toggle\"><a href=\"#\" class=\"ez-toc-pull-right ez-toc-btn ez-toc-btn-xs ez-toc-btn-default ez-toc-toggle\" aria-label=\"Alternar tabla de contenidos\"><span class=\"ez-toc-js-icon-con\"><span class=\"\"><span class=\"eztoc-hide\" style=\"display:none;\">Toggle<\/span><span class=\"ez-toc-icon-toggle-span\"><svg style=\"fill: #999;color:#999\" xmlns=\"http:\/\/www.w3.org\/2000\/svg\" class=\"list-377408\" width=\"20px\" height=\"20px\" viewBox=\"0 0 24 24\" fill=\"none\"><path d=\"M6 6H4v2h2V6zm14 0H8v2h12V6zM4 11h2v2H4v-2zm16 0H8v2h12v-2zM4 16h2v2H4v-2zm16 0H8v2h12v-2z\" fill=\"currentColor\"><\/path><\/svg><svg style=\"fill: #999;color:#999\" class=\"arrow-unsorted-368013\" xmlns=\"http:\/\/www.w3.org\/2000\/svg\" width=\"10px\" height=\"10px\" viewBox=\"0 0 24 24\" version=\"1.2\" baseProfile=\"tiny\"><path d=\"M18.2 9.3l-6.2-6.3-6.2 6.3c-.2.2-.3.4-.3.7s.1.5.3.7c.2.2.4.3.7.3h11c.3 0 .5-.1.7-.3.2-.2.3-.5.3-.7s-.1-.5-.3-.7zM5.8 14.7l6.2 6.3 6.2-6.3c.2-.2.3-.5.3-.7s-.1-.5-.3-.7c-.2-.2-.4-.3-.7-.3h-11c-.3 0-.5.1-.7.3-.2.2-.3.5-.3.7s.1.5.3.7z\"\/><\/svg><\/span><\/span><\/span><\/a><\/span><\/div>\n<nav><ul class='ez-toc-list ez-toc-list-level-1 ' ><li class='ez-toc-page-1 ez-toc-heading-level-2'><a class=\"ez-toc-link ez-toc-heading-1\" href=\"https:\/\/www.theredwolf.net\/es\/politica-de-privacidad\/#quienes_somos\" >Qui\u00e9nes somos<\/a><\/li><li class='ez-toc-page-1 ez-toc-heading-level-2'><a class=\"ez-toc-link ez-toc-heading-2\" href=\"https:\/\/www.theredwolf.net\/es\/politica-de-privacidad\/#que_datos_personales_recogemos_y_por_que_los_recogemos\" >Qu\u00e9 datos personales recogemos y por qu\u00e9 los recogemos<\/a><ul class='ez-toc-list-level-3' ><li class='ez-toc-heading-level-3'><a class=\"ez-toc-link ez-toc-heading-3\" href=\"https:\/\/www.theredwolf.net\/es\/politica-de-privacidad\/#comentarios\" >Comentarios<\/a><\/li><li class='ez-toc-page-1 ez-toc-heading-level-3'><a class=\"ez-toc-link ez-toc-heading-4\" href=\"https:\/\/www.theredwolf.net\/es\/politica-de-privacidad\/#medios_de_comunicacion\" >Medios de comunicaci\u00f3n<\/a><\/li><li class='ez-toc-page-1 ez-toc-heading-level-3'><a class=\"ez-toc-link ez-toc-heading-5\" href=\"https:\/\/www.theredwolf.net\/es\/politica-de-privacidad\/#formularios_de_contacto\" >Formularios de contacto<\/a><\/li><li class='ez-toc-page-1 ez-toc-heading-level-3'><a class=\"ez-toc-link ez-toc-heading-6\" href=\"https:\/\/www.theredwolf.net\/es\/politica-de-privacidad\/#cookies\" >Cookies<\/a><\/li><li class='ez-toc-page-1 ez-toc-heading-level-3'><a class=\"ez-toc-link ez-toc-heading-7\" href=\"https:\/\/www.theredwolf.net\/es\/politica-de-privacidad\/#contenido_incrustado_de_otros_sitios_web\" >Contenido incrustado de otros sitios web<\/a><\/li><li class='ez-toc-page-1 ez-toc-heading-level-3'><a class=\"ez-toc-link ez-toc-heading-8\" href=\"https:\/\/www.theredwolf.net\/es\/politica-de-privacidad\/#analitica\" >Anal\u00edtica<\/a><\/li><\/ul><\/li><li class='ez-toc-page-1 ez-toc-heading-level-2'><a class=\"ez-toc-link ez-toc-heading-9\" href=\"https:\/\/www.theredwolf.net\/es\/politica-de-privacidad\/#con_quien_compartimos_tus_datos\" >Con qui\u00e9n compartimos tus datos<\/a><\/li><li class='ez-toc-page-1 ez-toc-heading-level-2'><a class=\"ez-toc-link ez-toc-heading-10\" href=\"https:\/\/www.theredwolf.net\/es\/politica-de-privacidad\/#cuanto_tiempo_conservamos_tus_datos\" >Cu\u00e1nto tiempo conservamos tus datos<\/a><\/li><li class='ez-toc-page-1 ez-toc-heading-level-2'><a class=\"ez-toc-link ez-toc-heading-11\" href=\"https:\/\/www.theredwolf.net\/es\/politica-de-privacidad\/#que_derechos_tienes_sobre_tus_datos\" >Qu\u00e9 derechos tienes sobre tus datos<\/a><\/li><li class='ez-toc-page-1 ez-toc-heading-level-2'><a class=\"ez-toc-link ez-toc-heading-12\" href=\"https:\/\/www.theredwolf.net\/es\/politica-de-privacidad\/#donde_enviamos_tus_datos\" >D\u00f3nde enviamos tus datos<\/a><\/li><\/ul><\/nav><\/div>\n\n<h2 class=\"wp-block-heading\"><span class=\"ez-toc-section\" id=\"quienes_somos\"><\/span>Qui\u00e9nes somos<span class=\"ez-toc-section-end\"><\/span><\/h2>\n\n<p>La direcci\u00f3n de nuestro sitio web es: https:\/\/www.theredwolf.net.<\/p>\n\n<h2 class=\"wp-block-heading\"><span class=\"ez-toc-section\" id=\"que_datos_personales_recogemos_y_por_que_los_recogemos\"><\/span>Qu\u00e9 datos personales recogemos y por qu\u00e9 los recogemos<span class=\"ez-toc-section-end\"><\/span><\/h2>\n\n<h3 class=\"wp-block-heading\"><span class=\"ez-toc-section\" id=\"comentarios\"><\/span>Comentarios<span class=\"ez-toc-section-end\"><\/span><\/h3>\n\n<p>Cuando los visitantes dejan comentarios en el sitio, recogemos los datos que aparecen en el formulario de comentarios, as\u00ed como la direcci\u00f3n IP del visitante y la cadena de agentes de usuario del navegador para ayudar a la detecci\u00f3n de spam.<\/p>\n\n<p>Se puede proporcionar al servicio Gravatar una cadena anonimizada creada a partir de tu direcci\u00f3n de correo electr\u00f3nico (tambi\u00e9n llamada hash) para saber si la est\u00e1s utilizando. La Pol\u00edtica de Privacidad del servicio Gravatar est\u00e1 disponible aqu\u00ed: https:\/\/automattic.com\/privacy\/. Tras la aprobaci\u00f3n de tu comentario, tu foto de perfil ser\u00e1 visible para el p\u00fablico en el contexto de tu comentario.<\/p>\n\n<h3 class=\"wp-block-heading\"><span class=\"ez-toc-section\" id=\"medios_de_comunicacion\"><\/span>Medios de comunicaci\u00f3n<span class=\"ez-toc-section-end\"><\/span><\/h3>\n\n<p>Si subes im\u00e1genes al sitio web, debes evitar subir im\u00e1genes con datos de localizaci\u00f3n incrustados (EXIF GPS) incluidos. Los visitantes del sitio web pueden descargar y extraer cualquier dato de localizaci\u00f3n de las im\u00e1genes del sitio web.<\/p>\n\n<h3 class=\"wp-block-heading\"><span class=\"ez-toc-section\" id=\"formularios_de_contacto\"><\/span>Formularios de contacto<span class=\"ez-toc-section-end\"><\/span><\/h3>\n\n<h3 class=\"wp-block-heading\"><span class=\"ez-toc-section\" id=\"cookies\"><\/span>Cookies<span class=\"ez-toc-section-end\"><\/span><\/h3>\n\n<p>Si dejas un comentario en nuestro sitio, puedes optar por guardar tu nombre, direcci\u00f3n de correo electr\u00f3nico y sitio web en cookies. Son para tu comodidad, para que no tengas que volver a rellenar tus datos cuando dejes otro comentario. Estas cookies durar\u00e1n un a\u00f1o.<\/p>\n\n<p>Si visitas nuestra p\u00e1gina de inicio de sesi\u00f3n, instalaremos una cookie temporal para determinar si tu navegador acepta cookies. Esta cookie no contiene datos personales y se descarta cuando cierras el navegador.<\/p>\n\n<p>Cuando te conectes, tambi\u00e9n instalaremos varias cookies para guardar tu informaci\u00f3n de inicio de sesi\u00f3n y tus opciones de visualizaci\u00f3n en pantalla. Las cookies de inicio de sesi\u00f3n duran dos d\u00edas, y las cookies de opciones de pantalla duran un a\u00f1o. Si seleccionas \u00abRecordarme\u00bb, tu inicio de sesi\u00f3n persistir\u00e1 durante dos semanas. Si cierras la sesi\u00f3n de tu cuenta, se eliminar\u00e1n las cookies de inicio de sesi\u00f3n.<\/p>\n\n<p>Si editas o publicas un art\u00edculo, se guardar\u00e1 una cookie adicional en tu navegador. Esta cookie no incluye datos personales y simplemente indica el ID de publicaci\u00f3n del art\u00edculo que acabas de editar. Caduca al cabo de 1 d\u00eda.<\/p>\n\n<h3 class=\"wp-block-heading\"><span class=\"ez-toc-section\" id=\"contenido_incrustado_de_otros_sitios_web\"><\/span>Contenido incrustado de otros sitios web<span class=\"ez-toc-section-end\"><\/span><\/h3>\n\n<p>Los art\u00edculos de este sitio pueden incluir contenido incrustado (por ejemplo, v\u00eddeos, im\u00e1genes, art\u00edculos, etc.). El contenido incrustado de otros sitios web se comporta exactamente igual que si el visitante hubiera visitado el otro sitio web.<\/p>\n\n<p>Estos sitios web pueden recopilar datos sobre ti, utilizar cookies, incrustar seguimiento adicional de terceros y controlar tu interacci\u00f3n con ese contenido incrustado, incluido el seguimiento de tu interacci\u00f3n con el contenido incrustado si tienes una cuenta y has iniciado sesi\u00f3n en ese sitio web.<\/p>\n\n<h3 class=\"wp-block-heading\"><span class=\"ez-toc-section\" id=\"analitica\"><\/span>Anal\u00edtica<span class=\"ez-toc-section-end\"><\/span><\/h3>\n\n<h2 class=\"wp-block-heading\"><span class=\"ez-toc-section\" id=\"con_quien_compartimos_tus_datos\"><\/span>Con qui\u00e9n compartimos tus datos<span class=\"ez-toc-section-end\"><\/span><\/h2>\n\n<p>Si solicitas un restablecimiento de contrase\u00f1a, tu direcci\u00f3n IP se incluir\u00e1 en el correo electr\u00f3nico de restablecimiento.<\/p>\n\n<h2 class=\"wp-block-heading\"><span class=\"ez-toc-section\" id=\"cuanto_tiempo_conservamos_tus_datos\"><\/span>Cu\u00e1nto tiempo conservamos tus datos<span class=\"ez-toc-section-end\"><\/span><\/h2>\n\n<p>Si dejas un comentario, el comentario y sus metadatos se conservan indefinidamente. Esto es para que podamos reconocer y aprobar autom\u00e1ticamente los comentarios de seguimiento en lugar de retenerlos en una cola de moderaci\u00f3n.<\/p>\n\n<p>Para los usuarios que se registran en nuestro sitio web (si los hay), tambi\u00e9n almacenamos la informaci\u00f3n personal que proporcionan en su perfil de usuario. Todos los usuarios pueden ver, editar o eliminar su informaci\u00f3n personal en cualquier momento (excepto que no pueden cambiar su nombre de usuario). Los administradores del sitio web tambi\u00e9n pueden ver y editar esa informaci\u00f3n.<\/p>\n\n<h2 class=\"wp-block-heading\"><span class=\"ez-toc-section\" id=\"que_derechos_tienes_sobre_tus_datos\"><\/span>Qu\u00e9 derechos tienes sobre tus datos<span class=\"ez-toc-section-end\"><\/span><\/h2>\n\n<p>Si tienes una cuenta en este sitio, o has dejado comentarios, puedes solicitar recibir un archivo exportado de los datos personales que tenemos sobre ti, incluidos los datos que nos hayas proporcionado. Tambi\u00e9n puedes solicitar que borremos cualquier dato personal que tengamos sobre ti. Esto no incluye ning\u00fan dato que estemos obligados a conservar por motivos administrativos, legales o de seguridad.<\/p>\n\n<h2 class=\"wp-block-heading\"><span class=\"ez-toc-section\" id=\"donde_enviamos_tus_datos\"><\/span>D\u00f3nde enviamos tus datos<span class=\"ez-toc-section-end\"><\/span><\/h2>\n\n<p>Los comentarios de los visitantes pueden ser comprobados a trav\u00e9s de un servicio automatizado de detecci\u00f3n de spam.<\/p>\n","protected":false},"excerpt":{"rendered":"<p>Qui\u00e9nes somos La direcci\u00f3n de nuestro sitio web es: https:\/\/www.theredwolf.net. Qu\u00e9 datos personales recogemos y por qu\u00e9 los recogemos Comentarios Cuando los visitantes dejan comentarios en<span class=\"excerpt-hellip\"> [\u2026]<\/span><\/p>\n","protected":false},"author":1,"featured_media":0,"parent":0,"menu_order":0,"comment_status":"closed","ping_status":"closed","template":"","meta":{"jetpack_post_was_ever_published":false,"footnotes":""},"class_list":["post-4036","page","type-page","status-publish","hentry"],"jetpack_sharing_enabled":true,"_links":{"self":[{"href":"https:\/\/www.theredwolf.net\/es\/wp-json\/wp\/v2\/pages\/4036","targetHints":{"allow":["GET"]}}],"collection":[{"href":"https:\/\/www.theredwolf.net\/es\/wp-json\/wp\/v2\/pages"}],"about":[{"href":"https:\/\/www.theredwolf.net\/es\/wp-json\/wp\/v2\/types\/page"}],"author":[{"embeddable":true,"href":"https:\/\/www.theredwolf.net\/es\/wp-json\/wp\/v2\/users\/1"}],"replies":[{"embeddable":true,"href":"https:\/\/www.theredwolf.net\/es\/wp-json\/wp\/v2\/comments?post=4036"}],"version-history":[{"count":3,"href":"https:\/\/www.theredwolf.net\/es\/wp-json\/wp\/v2\/pages\/4036\/revisions"}],"predecessor-version":[{"id":4149,"href":"https:\/\/www.theredwolf.net\/es\/wp-json\/wp\/v2\/pages\/4036\/revisions\/4149"}],"wp:attachment":[{"href":"https:\/\/www.theredwolf.net\/es\/wp-json\/wp\/v2\/media?parent=4036"}],"curies":[{"name":"wp","href":"https:\/\/api.w.org\/{rel}","templated":true}]}}