{"id":4046,"date":"2019-04-30T22:57:53","date_gmt":"2019-04-30T21:57:53","guid":{"rendered":"https:\/\/www.theredwolf.net\/mis-101-rizados\/"},"modified":"2025-07-27T15:37:54","modified_gmt":"2025-07-27T14:37:54","slug":"mis-101-rizados","status":"publish","type":"page","link":"https:\/\/www.theredwolf.net\/es\/mis-101-rizados\/","title":{"rendered":"Gu\u00edas kinky"},"content":{"rendered":"<div id=\"ez-toc-container\" class=\"ez-toc-v2_0_80 ez-toc-wrap-right-text counter-hierarchy ez-toc-counter ez-toc-custom ez-toc-container-direction\">\n<div class=\"ez-toc-title-container\">\n<p class=\"ez-toc-title\" style=\"cursor:inherit\">\u00cdndice<\/p>\n<span class=\"ez-toc-title-toggle\"><a href=\"#\" class=\"ez-toc-pull-right ez-toc-btn ez-toc-btn-xs ez-toc-btn-default ez-toc-toggle\" aria-label=\"Alternar tabla de contenidos\"><span class=\"ez-toc-js-icon-con\"><span class=\"\"><span class=\"eztoc-hide\" style=\"display:none;\">Toggle<\/span><span class=\"ez-toc-icon-toggle-span\"><svg style=\"fill: #999;color:#999\" xmlns=\"http:\/\/www.w3.org\/2000\/svg\" class=\"list-377408\" width=\"20px\" height=\"20px\" viewBox=\"0 0 24 24\" fill=\"none\"><path d=\"M6 6H4v2h2V6zm14 0H8v2h12V6zM4 11h2v2H4v-2zm16 0H8v2h12v-2zM4 16h2v2H4v-2zm16 0H8v2h12v-2z\" fill=\"currentColor\"><\/path><\/svg><svg style=\"fill: #999;color:#999\" class=\"arrow-unsorted-368013\" xmlns=\"http:\/\/www.w3.org\/2000\/svg\" width=\"10px\" height=\"10px\" viewBox=\"0 0 24 24\" version=\"1.2\" baseProfile=\"tiny\"><path d=\"M18.2 9.3l-6.2-6.3-6.2 6.3c-.2.2-.3.4-.3.7s.1.5.3.7c.2.2.4.3.7.3h11c.3 0 .5-.1.7-.3.2-.2.3-.5.3-.7s-.1-.5-.3-.7zM5.8 14.7l6.2 6.3 6.2-6.3c.2-.2.3-.5.3-.7s-.1-.5-.3-.7c-.2-.2-.4-.3-.7-.3h-11c-.3 0-.5.1-.7.3-.2.2-.3.5-.3.7s.1.5.3.7z\"\/><\/svg><\/span><\/span><\/span><\/a><\/span><\/div>\n<nav><ul class='ez-toc-list ez-toc-list-level-1 ' ><li class='ez-toc-page-1 ez-toc-heading-level-2'><a class=\"ez-toc-link ez-toc-heading-1\" href=\"https:\/\/www.theredwolf.net\/es\/mis-101-rizados\/#ball_stretching\" >Ball stretching<\/a><\/li><li class='ez-toc-page-1 ez-toc-heading-level-2'><a class=\"ez-toc-link ez-toc-heading-2\" href=\"https:\/\/www.theredwolf.net\/es\/mis-101-rizados\/#fisting\" >Fisting<\/a><\/li><li class='ez-toc-page-1 ez-toc-heading-level-2'><a class=\"ez-toc-link ez-toc-heading-3\" href=\"https:\/\/www.theredwolf.net\/es\/mis-101-rizados\/#ms\" >M\/s<\/a><\/li><li class='ez-toc-page-1 ez-toc-heading-level-2'><a class=\"ez-toc-link ez-toc-heading-4\" href=\"https:\/\/www.theredwolf.net\/es\/mis-101-rizados\/#ataduras_con_cuerda\" >Ataduras con cuerda<\/a><\/li><li class='ez-toc-page-1 ez-toc-heading-level-2'><a class=\"ez-toc-link ez-toc-heading-5\" href=\"https:\/\/www.theredwolf.net\/es\/mis-101-rizados\/#sondas\" >Sondas<\/a><\/li><li class='ez-toc-page-1 ez-toc-heading-level-2'><a class=\"ez-toc-link ez-toc-heading-6\" href=\"https:\/\/www.theredwolf.net\/es\/mis-101-rizados\/#juego_de_temperatura\" >Juego de temperatura<\/a><\/li><\/ul><\/nav><\/div>\n\n<p>Esta secci\u00f3n pretende ofrecer gu\u00edas t\u00e9cnicas e informaci\u00f3n detallada sobre diversos temas relacionados con el BDSM. Su prop\u00f3sito es ofrecer orientaci\u00f3n pr\u00e1ctica y recursos para explorar diversas disciplinas, ayud\u00e1ndote con tu propia pr\u00e1ctica segura e informada. <\/p>\n\n<p>Espero que encuentres valor en ellos y te ayuden en tus experiencias.<\/p>\n\n<h2 class=\"wp-block-heading\"><span class=\"ez-toc-section\" id=\"ball_stretching\"><\/span>Ball stretching<span class=\"ez-toc-section-end\"><\/span><\/h2>\n\n<ul class=\"wp-block-list\">\n<li><a href=\"https:\/\/www.uberkinky.co.uk\/essential-guides\/ball-stretching-guides\/beginners-guide-to-ball-stretching.html\">UberKinky&#8217;s Beginner&#8217;s Guide to Ball Stretching (Gu\u00eda de UberKinky para principiantes sobre estiramientos de huevos<\/a>): un gran punto de partida en los estiramientos de los test\u00edculos, con todo lo b\u00e1sico, incluido el calentamiento.<\/li>\n\n\n\n<li><a href=\"https:\/\/www.secretleather.com\/jarod-johansens-ball-stretching-guide\">Gu\u00eda de Estiramientos de Test\u00edculos de Jarod Johansen<\/a>: la mejor recomendaci\u00f3n, esta es LA gu\u00eda para los ball stretchers serios.<\/li>\n<\/ul>\n\n<h2 class=\"wp-block-heading\"><span class=\"ez-toc-section\" id=\"fisting\"><\/span>Fisting<span class=\"ez-toc-section-end\"><\/span><\/h2>\n\n<ul class=\"wp-block-list\">\n<li><a href=\"https:\/\/www.theredwolf.net\/es\/mis-101-rizados\/puno\/\"><strong>Fisting(RedWolf)<\/strong><\/a>: mis consejos y experiencias sobre los preparativos, la limpieza y la etiqueta en las fiestas.<\/li>\n\n\n\n<li><strong><a href=\"https:\/\/www.theredwolf.net\/es\/mis-101-rizados\/lubricantes-para-el-fisting\/\">Lubricantes para el fisting (RedWolf)<\/a><\/strong>: este art\u00edculo es una gu\u00eda pr\u00e1ctica de lubricantes para el fisting, basada en mi experiencia. Su prop\u00f3sito es ayudar a comprender los distintos tipos, sus usos y las marcas espec\u00edficas, garantizando una elecci\u00f3n informada para un juego seguro y placentero. <a href=\"https:\/\/www.theredwolf.net\/es\/mis-101-rizados\/lubricantes-para-el-fisting\/\"><\/a><\/li>\n\n\n\n<li><a href=\"http:\/\/handballacademy.org\/wp-content\/uploads\/2013\/08\/SAOF_Final_web.pdf\">El Sagrado Arte del Fist<\/a>, por Larry R. Shockey (PDF gratuito de handballacademy.org).<\/li>\n\n\n\n<li><a href=\"http:\/\/www.winternet.com\/~redright\/fistfact.htm\">Red Right<\/a>: uno de mis referentes en el fisting desde que me inici\u00e9 en el fisting, con una web con gran informaci\u00f3n para entender la anantom\u00eda del culo, la progresi\u00f3n en el fisting, as\u00ed como muchos consejos para tener sesiones a\u00fan m\u00e1s intensas.<\/li>\n\n\n\n<li><a href=\"http:\/\/www.fistrik.com\/fistrik\/home\/\" target=\"_blank\" rel=\"noreferrer noopener\">Gu\u00eda del fisting de FistRik<\/a>: informaci\u00f3n, fiestas y los mejores lugares de Europa para practicar el fisting (y clasificados). Es una gran p\u00e1gina web con todo sobre el fisting. <\/li>\n\n\n\n<li><a href=\"https:\/\/theslingroom.dlinkddns.com\/fiattor\/handball.htm\" target=\"_blank\" rel=\"noreferrer noopener\">Fiattor&#8217;s Handballing<\/a>: buena informaci\u00f3n sobre limpieza, preguntas frecuentes y algunos actos y organizaciones en EEUU. Est\u00e1 un poco anticuado y algunos enlaces no funcionan, pero merece la pena echarle un vistazo. <\/li>\n\n\n\n<li><a href=\"http:\/\/www.anus.org\/SEX\/jlube.html\">J-Lube FAQ<\/a>: todo lo que necesitas saber sobre este lubricante resbaladizo, con los mejores consejos sobre c\u00f3mo hacer la mejor mezcla.<\/li>\n<\/ul>\n\n<h2 class=\"wp-block-heading\"><span class=\"ez-toc-section\" id=\"ms\"><\/span>M\/s<span class=\"ez-toc-section-end\"><\/span><\/h2>\n\n<ul class=\"wp-block-list\">\n<li><strong><a href=\"https:\/\/www.theredwolf.net\/es\/mis-101-rizados\/modelo-de-8-submodelos-de-mentalidad\/\">El Modelo de los 8 Estilos de Sumiso (RedWolf)<\/a><\/strong>: mi punto de vista sobre el tipo de mentalidades que yo mismo he experimentado como sub\/esclavo, y que tambi\u00e9n he visto en otros. Tr\u00e1talo como una opini\u00f3n. <\/li>\n\n\n\n<li><strong><a href=\"https:\/\/www.theredwolf.net\/2023\/03\/18\/10-tips-to-prepare-a-bdsm-session\/\">Mis 10 pasos para preparar una sesi\u00f3n (RedWolf)<\/a><\/strong>: los planes rara vez se siguen, pero tener un plan permite tener la tranquilidad de tener las cosas a mano, y aun as\u00ed aportar la flexibilidad y adaptabilidad necesarias para construir algo junto con el compa\u00f1ero de juego.<\/li>\n\n\n\n<li><a href=\"https:\/\/tribalvibept.blogspot.com\/2018\/12\/updated-kink-mentoring-links.html\">The Kink Mentoring Archives, por Papa Tony<\/a>: gran colecci\u00f3n de recursos BDSM, incluyendo mentores, palabras de seguridad, consentimiento, abuso, sub drop \/ dom drop,&#8230;<\/li>\n\n\n\n<li><a href=\"https:\/\/hotboots.com\/bootinfo\/\">Hot Boots<\/a>: es un sitio para hombres aficionados a las botas, con informaci\u00f3n sobre tipos de botas, c\u00f3mo guardarlas mejor, pulirlas, atarlas&#8230;<\/li>\n<\/ul>\n\n<h2 class=\"wp-block-heading\"><span class=\"ez-toc-section\" id=\"ataduras_con_cuerda\"><\/span>Ataduras con cuerda<span class=\"ez-toc-section-end\"><\/span><\/h2>\n\n<ul class=\"wp-block-list\">\n<li><a href=\"https:\/\/www.theduchy.com\/\">TheDuchy<\/a>: tutoriales de bondage con cuerdas, con contenido gratuito pero que tambi\u00e9n ofrece una serie de niveles de afiliaci\u00f3n que dan acceso a los v\u00eddeos e incluso al canal de contacto para aprender directamente de L\u00e1zaro Redmayne y su esposa.<\/li>\n\n\n\n<li><a href=\"http:\/\/rope365.com\/\">Rope365<\/a>: compendio de ideas para aprender, practicar y explorar el bondage con cuerdas. Una idea al d\u00eda, organizada seg\u00fan un enfoque de aprendizaje gradual. <\/li>\n\n\n\n<li><a href=\"http:\/\/www.esinem-rope.com\/rope-choice-care\/\">Shibari: elecci\u00f3n y cuidado de la cuerda<\/a><\/li>\n<\/ul>\n\n<h2 class=\"wp-block-heading\"><span class=\"ez-toc-section\" id=\"sondas\"><\/span>Sondas<span class=\"ez-toc-section-end\"><\/span><\/h2>\n\n<ul class=\"wp-block-list\">\n<li><strong><a href=\"https:\/\/www.theredwolf.net\/2021\/01\/16\/kinky-self-pleasures-stretching-and-sounding\/\">Autoplaceres pervertidos: estiramientos y sondas (RedWolf)<\/a><\/strong>: he a\u00f1adido aqu\u00ed mis experiencias personales sobre el sondeo, adem\u00e1s de las magn\u00edficas gu\u00edas que tambi\u00e9n hay en esta secci\u00f3n.<\/li>\n\n\n\n<li><a href=\"http:\/\/www.medicaltoys.com\/sounds.htm\">Tipos de sondas uretrales met\u00e1licas (de MedicalToys.com)<\/a>: gran recurso sobre la diferencia entre las sondas Van Buren, Pratts, Hegar y Bakes.<\/li>\n\n\n\n<li>Juego de <a href=\"http:\/\/www.medicaltoys.com\/lib-soundplay.htm\">sondas (de la biblioteca de juegos m\u00e9dicos en MedicalToys.com)<\/a>: estupenda gu\u00eda para hacer juegos de sondas con seguridad.<\/li>\n<\/ul>\n\n<h2 class=\"wp-block-heading\"><span class=\"ez-toc-section\" id=\"juego_de_temperatura\"><\/span>Juego de temperatura<span class=\"ez-toc-section-end\"><\/span><\/h2>\n\n<ul class=\"wp-block-list\">\n<li><a href=\"https:\/\/es.lovense.com\/bdsm-blog\/wax-play\">Goteo con cuidado - aprende sobre el juego con cera BDSM<\/a>: gran gu\u00eda para el juego con cera. Como aprend\u00ed con mi Maestro, utiliza siempre parafina, ya que tiene un punto de fusi\u00f3n bajo: la parafina alrededor de 50\u00b0, la cera de abeja alrededor de 60\u00b0 y la estearina a partir de 80\u00b0. <\/li>\n<\/ul>\n\n<p><\/p>\n","protected":false},"excerpt":{"rendered":"<p>Una colecci\u00f3n de enlaces en torno a mis propias experiencias y opiniones sobre las distintas \u00abdisciplinas\u00bb y perversiones que me gustan. Es s\u00f3lo mi lista de recomendaciones, util\u00edzala seg\u00fan tu propio criterio. <\/p>\n","protected":false},"author":1,"featured_media":0,"parent":0,"menu_order":0,"comment_status":"closed","ping_status":"closed","template":"","meta":{"jetpack_post_was_ever_published":false,"footnotes":""},"class_list":["post-4046","page","type-page","status-publish","hentry"],"jetpack_sharing_enabled":true,"_links":{"self":[{"href":"https:\/\/www.theredwolf.net\/es\/wp-json\/wp\/v2\/pages\/4046","targetHints":{"allow":["GET"]}}],"collection":[{"href":"https:\/\/www.theredwolf.net\/es\/wp-json\/wp\/v2\/pages"}],"about":[{"href":"https:\/\/www.theredwolf.net\/es\/wp-json\/wp\/v2\/types\/page"}],"author":[{"embeddable":true,"href":"https:\/\/www.theredwolf.net\/es\/wp-json\/wp\/v2\/users\/1"}],"replies":[{"embeddable":true,"href":"https:\/\/www.theredwolf.net\/es\/wp-json\/wp\/v2\/comments?post=4046"}],"version-history":[{"count":5,"href":"https:\/\/www.theredwolf.net\/es\/wp-json\/wp\/v2\/pages\/4046\/revisions"}],"predecessor-version":[{"id":4140,"href":"https:\/\/www.theredwolf.net\/es\/wp-json\/wp\/v2\/pages\/4046\/revisions\/4140"}],"wp:attachment":[{"href":"https:\/\/www.theredwolf.net\/es\/wp-json\/wp\/v2\/media?parent=4046"}],"curies":[{"name":"wp","href":"https:\/\/api.w.org\/{rel}","templated":true}]}}