{"id":4048,"date":"2023-09-24T13:53:59","date_gmt":"2023-09-24T12:53:59","guid":{"rendered":"https:\/\/www.theredwolf.net\/mis-101-rizados\/lubricantes-para-el-fisting\/"},"modified":"2025-07-27T17:42:19","modified_gmt":"2025-07-27T16:42:19","slug":"lubricantes-para-el-fisting","status":"publish","type":"page","link":"https:\/\/www.theredwolf.net\/es\/mis-101-rizados\/lubricantes-para-el-fisting\/","title":{"rendered":"Lubricantes (para el fisting)"},"content":{"rendered":"<div id=\"ez-toc-container\" class=\"ez-toc-v2_0_80 ez-toc-wrap-right-text counter-hierarchy ez-toc-counter ez-toc-custom ez-toc-container-direction\">\n<div class=\"ez-toc-title-container\">\n<p class=\"ez-toc-title\" style=\"cursor:inherit\">\u00cdndice<\/p>\n<span class=\"ez-toc-title-toggle\"><a href=\"#\" class=\"ez-toc-pull-right ez-toc-btn ez-toc-btn-xs ez-toc-btn-default ez-toc-toggle\" aria-label=\"Alternar tabla de contenidos\"><span class=\"ez-toc-js-icon-con\"><span class=\"\"><span class=\"eztoc-hide\" style=\"display:none;\">Toggle<\/span><span class=\"ez-toc-icon-toggle-span\"><svg style=\"fill: #999;color:#999\" xmlns=\"http:\/\/www.w3.org\/2000\/svg\" class=\"list-377408\" width=\"20px\" height=\"20px\" viewBox=\"0 0 24 24\" fill=\"none\"><path d=\"M6 6H4v2h2V6zm14 0H8v2h12V6zM4 11h2v2H4v-2zm16 0H8v2h12v-2zM4 16h2v2H4v-2zm16 0H8v2h12v-2z\" fill=\"currentColor\"><\/path><\/svg><svg style=\"fill: #999;color:#999\" class=\"arrow-unsorted-368013\" xmlns=\"http:\/\/www.w3.org\/2000\/svg\" width=\"10px\" height=\"10px\" viewBox=\"0 0 24 24\" version=\"1.2\" baseProfile=\"tiny\"><path d=\"M18.2 9.3l-6.2-6.3-6.2 6.3c-.2.2-.3.4-.3.7s.1.5.3.7c.2.2.4.3.7.3h11c.3 0 .5-.1.7-.3.2-.2.3-.5.3-.7s-.1-.5-.3-.7zM5.8 14.7l6.2 6.3 6.2-6.3c.2-.2.3-.5.3-.7s-.1-.5-.3-.7c-.2-.2-.4-.3-.7-.3h-11c-.3 0-.5.1-.7.3-.2.2-.3.5-.3.7s.1.5.3.7z\"\/><\/svg><\/span><\/span><\/span><\/a><\/span><\/div>\n<nav><ul class='ez-toc-list ez-toc-list-level-1 ' ><li class='ez-toc-page-1 ez-toc-heading-level-2'><a class=\"ez-toc-link ez-toc-heading-1\" href=\"https:\/\/www.theredwolf.net\/es\/mis-101-rizados\/lubricantes-para-el-fisting\/#tipos_aspectos_basicos_y_principales_casos_de_uso\" >Tipos, aspectos b\u00e1sicos y principales casos de uso<\/a><\/li><li class='ez-toc-page-1 ez-toc-heading-level-2'><a class=\"ez-toc-link ez-toc-heading-2\" href=\"https:\/\/www.theredwolf.net\/es\/mis-101-rizados\/lubricantes-para-el-fisting\/#mi_lista_de_lubricantes\" >Mi lista de lubricantes<\/a><\/li><li class='ez-toc-page-1 ez-toc-heading-level-2'><a class=\"ez-toc-link ez-toc-heading-3\" href=\"https:\/\/www.theredwolf.net\/es\/mis-101-rizados\/lubricantes-para-el-fisting\/#crema_acuosa\" >Crema acuosa<\/a><\/li><\/ul><\/nav><\/div>\n\n<h2 class=\"wp-block-heading\"><span class=\"ez-toc-section\" id=\"tipos_aspectos_basicos_y_principales_casos_de_uso\"><\/span>Tipos, aspectos b\u00e1sicos y principales casos de uso<span class=\"ez-toc-section-end\"><\/span><\/h2>\n\n<p>En general, los lubricantes dise\u00f1ados para el sexo son <strong>a base de silicona, a base de agua o a base de aceite<\/strong>. Algunos son una combinaci\u00f3n de silicona y agua, o de aceite y silicona (h\u00edbridos), que suelen obtener lo mejor de los 2 mundos. Tener siempre a mano unos cuantos diferentes es una buena idea, ya que puede haber algunas incompatibilidades que debemos conocer, y que condicionar\u00e1n nuestra decisi\u00f3n de optar por uno u otro en una sesi\u00f3n.  <\/p>\n\n<p>Por supuesto, hay casos en los que podemos haber agotado las reservas de lubricante y el hambre nos hace coger cosas de la cocina y el ba\u00f1o, como mantequilla, aceite e incluso acondicionador. Para saber m\u00e1s de ellos, consulta la entrada del blog de Alex Cheves <a href=\"https:\/\/www.advocate.com\/love-and-sex\/2016\/4\/05\/30-liquid-assets-every-gay-man-should-try\">30 Bienes L\u00edquidos que Todo Hombre Gay Deber\u00eda Conocer<\/a>. En esta p\u00e1gina me limitar\u00e9 al lado comercial de las cosas, adem\u00e1s de algunas \u00abcremas blancas\u00bb que algunos amigos fisteros y yo llevamos a\u00f1os utilizando.  <\/p>\n\n<p>Algunas cosas que debes saber:<\/p>\n\n<ul class=\"wp-block-list\">\n<li>Los lubricantes a base de aceite permanecen mucho tiempo y son m\u00e1s baratos, pero rompen el l\u00e1tex (por ejemplo, preservativos, ropa de goma, m\u00e1scaras de goma&#8230;). Si prev\u00e9s que tus amigos ir\u00e1n de goma, NUNCA los tengas cerca. Ten en cuenta que pueden dejar manchas de grasa en los tejidos, y que no son f\u00e1ciles de limpiar.  <\/li>\n\n\n\n<li>Los lubricantes con base de silicona son resbaladizos como los de base oleosa, son compatibles con el l\u00e1tex, pero rompen los juguetes de silicona. Suelen ser un poco m\u00e1s caros. Ten en cuenta que pueden dejar manchas en la tela que no son f\u00e1ciles de limpiar.  <\/li>\n\n\n\n<li>Los geles a base de agua se secan mucho m\u00e1s r\u00e1pido que los a base de aceite y silicona. Suelen ser los m\u00e1s baratos, pero requieren a\u00f1adir m\u00e1s y m\u00e1s a medida que se \u00absecan\u00bb. En cambio, son f\u00e1ciles de limpiar y no dejan manchas.  <\/li>\n\n\n\n<li>Muchos geles a base de agua son conductores, ya que tienen algunas sales (por ejemplo, cloruro pot\u00e1sico, cloruro s\u00f3dico, carboximetilcelulosa s\u00f3dica) y\/o \u00e1cido c\u00edtrico, que se convierte en electrolito cuando se disuelve. Como fan del electro, tener uno de esos mejora la experiencia y, al mismo tiempo, puede utilizarse para follar o usar con sondas. <\/li>\n\n\n\n<li>No es infrecuente experimentar irritaci\u00f3n con determinados componentes que suelen encontrarse en los lubricantes, como el petr\u00f3leo\/petrolato, el propilenglicol y los alcoholes. Yo desarroll\u00e9 sensibilidad a lo largo de a\u00f1os de juego, experimentando irritaci\u00f3n o calentamiento indeseado con un lubricante que antes funcionaba. Suele ser espec\u00edfico de un solo componente, por lo que merece la pena fijarse en la composici\u00f3n y probar otros diferentes para aislar el problema. Esto acaba ahorrando muchos problemas, ya que ser\u00e1 m\u00e1s f\u00e1cil identificar lubricantes que no tengan ese componente cuando viajes al extranjero, y evitar\u00e1 que se arruine una sesi\u00f3n incre\u00edble porque el lubricante haya acabado irrit\u00e1ndote   <\/li>\n\n\n\n<li>Precauci\u00f3n con el componente de glicerina: algunos afirman que la glicerina irrita, otros dicen que puede facilitar el crecimiento de levaduras. Por mi experiencia, la glicerina sin limpiar bajo el prepucio de la polla despu\u00e9s de jugar con TENS dio lugar a una especie de piel seca con una capa de bultos que no parec\u00eda sexy al d\u00eda siguiente. Nada doloroso, pero por si acaso, aprend\u00ed a limpiar bien los restos de glicerina de la polla y otras zonas \u00edntimas justo despu\u00e9s del juego.  <\/li>\n\n\n\n<li>Los componentes adormecedores son la benzoca\u00edna, la lidoca\u00edna y la tetraca\u00edna; en general, la tetraca\u00edna se utiliza para el juego con sondas, la benzoca\u00edna para la polla, para retrasar la eyaculaci\u00f3n, y la lidoca\u00edna para el culo. En el caso de la lidoca\u00edna, permite un juego m\u00e1s prolongado en el fisting y el juego anal, aunque se reducen las sensaciones sexuales, quedando en general la sensaci\u00f3n de \u00abimpacto f\u00edsico\u00bb de la actividad. Tambi\u00e9n pueden enmascarar da\u00f1os graves en el fisting. Tanto la benzoca\u00edna como la lidoca\u00edna utilizadas en la polla (para las sondas) impactan en el sexo oral, ya que la boca receptora tambi\u00e9n quedar\u00eda insensibilizada. Comprueba la existencia de estos componentes en cremas anest\u00e9sicas para tener constancia.    <\/li>\n\n\n\n<li>Lleva siempre tu propio lubricante. Pero si necesitas compartir cremas, no lo hagas del tarro original: coge un buen pu\u00f1ado de crema del tarro de origen y ponlo en cuencos. Nunca compartas crema de un tarro que se haya utilizado directamente en el juego. La hepatitis C se transmite a trav\u00e9s de la sangre en cantidades muy peque\u00f1as: es habitual que a trav\u00e9s del fist haya sangre que acabe en el tarro de crema, y el virus puede sobrevivir m\u00e1s de 3 semanas e incluso meses, dependiendo de las condiciones.   <\/li>\n<\/ul>\n\n<p>Dicho esto, recomiendo tener unos cuantos lubricantes diferentes y tenerlos a mano en la sesi\u00f3n, para que dependiendo de la situaci\u00f3n se pueda elegir uno u otro. Aportando algunos casos de uso: <\/p>\n\n<ul class=\"wp-block-list\">\n<li><strong>\u00bfTengo consoladores de silicona cerca?  <\/strong>Entonces no utilizo ning\u00fan lubricante de silicona para el pu\u00f1o ni para follar, porque si en alg\u00fan momento alguien se excita utilizando ese bonito consolador de silicona en el culo, ser\u00e1 el principio de la ruina del juguete porque el culo a\u00fan tendr\u00e1 restos de silicona.<\/li>\n\n\n\n<li><strong>\u00bfEstoy planeando un polvo con preservativo? \u00bfLlevo ropa de goma o m\u00e1scaras de goma? <\/strong>  Nada con aceite: la silicona ser\u00eda mi primera opci\u00f3n, a menos que pensara jugar con juguetes de silicona, en cuyo caso la base de agua ser\u00eda definitivamente la opci\u00f3n.<\/li>\n\n\n\n<li><strong>\u00bfVoy a tener un tap\u00f3n clavado en el culo durante alg\u00fan tiempo?  <\/strong>La base de agua que es muy l\u00edquida resbalar\u00e1 primero, y luego se secar\u00e1 r\u00e1pidamente con lo que el consolador se mantendr\u00e1 firme en su posici\u00f3n y no se caer\u00e1 tan f\u00e1cilmente. Con cuidado de no hacer demasiada fricci\u00f3n, claro, o el culo se irritar\u00e1 f\u00e1cilmente. <\/li>\n\n\n\n<li><strong>\u00bfEstoy planeando alg\u00fan juego de sondeo y\/o eSTIM? <\/strong>Mant\u00e9n cerca un lubricante de base acuosa sellado o monodosis que sea conductor. Si hay sondaje, estar\u00eda bien tener crema anest\u00e9sica utilizada para el sondaje m\u00e9dico a base de tetraca\u00edna, disponible en farmacias. <\/li>\n\n\n\n<li><strong>\u00bfTengo por delante algunos d\u00edas de juego (por ejemplo, Folsom)?<\/strong> Conseguir una crema anest\u00e9sica o directamente Xylocain Gel (lidoca\u00edna) en la farmacia puede ser interesante para culos tragones.<\/li>\n<\/ul>\n\n<p>La gente de SwissNavy tambi\u00e9n tiene <a href=\"https:\/\/swissnavy.com\/blog\/how-to-choose-the-right-lube-for-you\/\">su propia lista de comprobaci\u00f3n para elegir el lubricante adecuado<\/a>. Me parece poco imparcial, ya que favorece las ventajas de los lubricantes de base acuosa sin hablar mucho de los aspectos positivos de los lubricantes de base oleosa y de silicona, pero merece la pena echar un vistazo a la r\u00e1pida lista de comprobaci\u00f3n. <\/p>\n\n<h2 class=\"wp-block-heading\"><span class=\"ez-toc-section\" id=\"mi_lista_de_lubricantes\"><\/span>Mi lista de lubricantes<span class=\"ez-toc-section-end\"><\/span><\/h2>\n\n<ul class=\"wp-block-list\">\n<li><strong><a href=\"https:\/\/www.zenntoys.com\/zenn-anal-fisting-gel\">Gel Zenn Anal &amp; Fisting<\/a><\/strong>: \u00e9ste ha sido mi favorito desde que lo descubr\u00ed en Folsom 2023. Mi culo ha desarrollado cierta sensibilidad a algunas cremas utilizadas hasta ahora, as\u00ed que \u00e9sta me proporcion\u00f3 una nueva sensaci\u00f3n estupenda. Este no se pegaba en absoluto ni se secaba demasiado r\u00e1pido. He jugado durante mucho tiempo e incluso con juguetes de silicona.    <em>Nota: En el momento de escribir esta secci\u00f3n, a\u00fan tengo que realizar m\u00e1s pruebas de sesiones largas para ver c\u00f3mo evoluciona una sesi\u00f3n utilizando s\u00f3lo \u00e9sta. Esto se actualizar\u00e1 a finales de 2023. <\/em><\/li>\n\n\n\n<li><strong> <a href=\"https:\/\/www.boybutter.com\/products\/boy-butter-h2o-16-oz\">Boy Butter<\/a><a href=\"https:\/\/www.boybutter.com\/products\/boy-butter-original-16-oz\">Original<\/a> y Boy Butter H2O<\/strong>: la original est\u00e1 basada en aceite de coco que aporta una sensaci\u00f3n de calor muy suave al jugar, compatible con juguetes de silicona pero no con l\u00e1tex (preservativos,&#8230;). La versi\u00f3n H2O me ha funcionado muy bien durante alg\u00fan tiempo, y me ha gustado porque puedo utilizar preservativos y usarlo con conjuntos de goma sin riesgo. Es muy resbaladizo, as\u00ed que los utilizaba sin a\u00f1adir silicona encima. Recientemente he notado que la versi\u00f3n H2O ha empezado a provocarme cierta irritaci\u00f3n, as\u00ed que en estos momentos estoy cambiando al Gel Zenn Anal &amp; Fisting.   <\/li>\n\n\n\n<li><strong>Crema acuosa BP<\/strong>: hace 20 a\u00f1os que la utilizo, como bastantes amigos fisteros que conozco. Es bastante com\u00fan en el Reino Unido e Irlanda, por lo que muchos la conocen cuando juegan con fisteros de estas islas. Un bote de 500g cuesta entre 5 y 10\u20ac y se encuentra f\u00e1cilmente en cualquier farmacia. Digamos que es la versi\u00f3n barata de Boy Butter H2O pero con algunos componentes que est\u00e1n pensados para uso externo y no interno. Lee m\u00e1s abajo sobre esto.    <\/li>\n\n\n\n<li><strong><a href=\"https:\/\/www.pjurlove.com\/en\/our-products\/personal-lubricants-for-sex-and-foreplay\/\">pjur Original a base de silicona<\/a><\/strong>: \u00e9ste me encanta porque lo utilizo para follar, para vestir mis conjuntos de goma, pero tambi\u00e9n como complemento para el fisting encima de cremas que no son tan deslizantes. Comparado con otros lubricantes de silicona, no es caro, y definitivamente es m\u00e1s barato usarlo para vestir la goma. S\u00f3lo unas gotas, por supuesto, para no ensuciar demasiado.  <\/li>\n\n\n\n<li><strong><a href=\"https:\/\/swissnavy.com\/water-based-lubricant\/\">Swiss Navy<\/a><\/strong> o <strong><a href=\"https:\/\/store.e-stim.co.uk\/index.php?main_page=product_info&amp;products_id=92\">Electrogel E-STIM<\/a><\/strong>: Antes utilizaba<a href=\"https:\/\/www.k-y.com\/products\/k-y-jelly-water-based-personal-lube\"> K-Y<\/a> de base acuosa para follar y sondar, pero en alg\u00fan momento empez\u00f3 a irritarme. Swiss Navy y E-STIM Electrogel han funcionado bien como sustitutos. Ambos tienen componentes conductores, por lo que pueden utilizarse con la unidad TENS. Yo elegir\u00eda uno u otro por ahora, dependiendo del coste de la botella. Al menos en Europa, el frasco de 100 ml cuesta unos 10-15\u20ac, mientras que Swiss Navy cuesta unos 15-25\u20ac, y probablemente sea al rev\u00e9s en Estados Unidos.    <\/li>\n\n\n\n<li><strong><a href=\"https:\/\/crisco.com\/product\/all-vegetable-shortening\/\">Crisco<\/a><\/strong>: esto era lo m\u00edo de principios de los 2000, con su olor caracter\u00edstico. Es muy pegajoso, lo que es bueno para generar esa capa pegajosa que permanece ah\u00ed mucho tiempo, sin embargo al principio no es muy resbaladizo y puede dar sensaci\u00f3n de arena. Es bastante com\u00fan poner 30 segundos de microondas a temperatura media, para que se vuelva resbaladizo. Si no se puede calentar, el juego a medida que avanza har\u00e1 que se derrita. El truco es empezar despacio y con mucha suavidad. Lo que me encanta es que est\u00e1 libre de alcohol y con muy pocos componentes, por lo que no conozco ning\u00fan desarrollo de sensibilidad con Crisco. Tambi\u00e9n aporta nostalgia con su olor. Sin embargo, es sucio. Es dif\u00edcil de limpiar y requiere algunos protocolos de \u00ablimpieza\u00bb para no acabar con las paredes y los tiradores de las puertas llenos de grasa. Los slings y los muebles de algunos cuartos oscuros antiguos est\u00e1n probablemente grasientos por el Crisco utilizado desde el siglo pasado. Y la mera presencia de Crisco en una sala destruir\u00e1 inevitablemente los trajes de goma y las m\u00e1scaras antig\u00e1s.          <\/li>\n\n\n\n<li><strong>J-Lube<\/strong>: es un lubricante barato utilizado en veterinaria que existe desde hace d\u00e9cadas. Se basa en un pol\u00edmero que disuelto con agua genera un lubricante no irritante. La mezcla se apelmaza con facilidad y requiere una forma bastante espec\u00edfica de conseguir que se mezcle correctamente, a\u00f1adiendo lentamente el agua mientras se mezcla, entre otros consejos. Consulta <a href=\"http:\/\/www.anus.org\/SEX\/jlube.html\">las FAQ del J-Lube<\/a> para obtener los mejores consejos sobre c\u00f3mo hacer la mejor mezcla, y la advertencia sobre el <a href=\"http:\/\/www.anus.org\/SEX\/jlube.html#peri\">riesgo de tener J-Lube en caso de perforaci\u00f3n<\/a>. Tambi\u00e9n puedes consultar diferentes mezclas en la <a href=\"https:\/\/www.eagleleather.com.au\/j-lube.html\">entrada sobre J-Lube de Eagle Leather<\/a> y en <a href=\"https:\/\/www.theredwolf.net\/wp-content\/uploads\/2025\/07\/J-Lube-DEC2020.pdf\">el folleto de Mr S Leather<\/a>. Hoy en d\u00eda tambi\u00e9n existen los productos <a href=\"https:\/\/xlube.com\/\">X-Lube<\/a> y <a href=\"https:\/\/weredog.co.uk\/inventory\/k-lube\/\">K-Lube<\/a>, que son m\u00e1s f\u00e1ciles y r\u00e1pidos de disolver, y m\u00e1s f\u00e1ciles de limpiar, <a href=\"https:\/\/www.amazon.com\/gp\/customer-reviews\/R2UKBAJJSIANF0\">entre otras consideraciones<\/a>. Yo no los utilizo solos: en mi opini\u00f3n el riesgo es que no tienen consistencia para generar una \u00abprotecci\u00f3n\u00bb en el culo, y como son muy resbaladizos creo que pueden contribuir a un accidente porque un movimiento r\u00e1pido o un mal \u00e1ngulo no se enfrentar\u00e1n a ninguna fricci\u00f3n ni tendr\u00e1n una masa de crema para suavizar un poco el impacto. Otro riesgo en mi opini\u00f3n es que el secado r\u00e1pido, tan de repente un \u00e1ngulo puede generar cierta fricci\u00f3n que se libera de repente y seguido de una zona bien lubricada que simplemente acumular\u00e1 demasiado impulso y potencialmente perforar\u00e1 el intestino. Yo s\u00f3lo lo utilizo despu\u00e9s de haber empezado con Crisco, Crema Acuosa o crema similar que aporte una primera capa de protecci\u00f3n.        <\/li>\n\n\n\n<li><strong>Crisco con J-Lube<\/strong>: el aspecto arenoso y antideslizante del Crisco siempre se ha mitigado a\u00f1adiendo JLube. Hay muchas \u00abrecetas\u00bb en Internet para conseguir la mezcla perfecta. Yo prefiero utilizar Crisco como base que protege el revestimiento de la tripa, y JLube a\u00f1adido tras unos minutos de calentamiento, ya que \u00e9ste &#8216;opera&#8217; entre la mano y la capa de Crisco. Por otra parte, \u00e9sta es una combinaci\u00f3n horrible para limpiar despu\u00e9s. Si el Crisco es sucio, el Crisco y el JLube son un infierno para limpiar. Prep\u00e1rate con jab\u00f3n de fregar y desengrasante (por ejemplo, KH-7). El J-Lube se disuelve con sal, as\u00ed que conozco a gente que utiliza sal para limpiar las manchas de la sala de juegos. Para los juguetes, el jab\u00f3n de fregar platos hace maravillas.       <\/li>\n<\/ul>\n\n<h2 class=\"wp-block-heading\"><span class=\"ez-toc-section\" id=\"crema_acuosa\"><\/span>Crema acuosa<span class=\"ez-toc-section-end\"><\/span><\/h2>\n\n<p>La primera aparici\u00f3n de la crema acuosa es en 1958, una crema cut\u00e1nea adecuada para pieles secas, muy f\u00e1cil de encontrar en las farmacias del Reino Unido e Irlanda. Su finalidad es de uso externo, sin embargo desde hace muchos a\u00f1os los fistros de estas islas las utilizan. Mi mejor amigo (y fistero) de Barcelona la import\u00f3 de tiendas online durante 20 a\u00f1os para \u00e9l y sus amigos.  <\/p>\n\n<p>Es barato, ya que el tarro de 500 g cuesta 10\u20ac importado, y 5-8\u20ac comprado directamente en cualquier farmacia del Reino Unido o Irlanda. Recuerda que el auge de la escena fetichista transform\u00f3 el mercado, y la amplia oferta en juguetes y cremas que tenemos hoy en d\u00eda no era como en los 90 y principios de los 2000.   <\/p>\n\n<p>La crema acuosa es una mezcla de agua con parafina l\u00edquida y parafina blanca, donde la parafina es un l\u00edquido aceitoso procedente del refinado del petr\u00f3leo crudo. Esta sustancia aceitosa no es grasa, por lo que no rompe la goma. Como l\u00edquidos que son, para hacer una crema hay que a\u00f1adir otros ingredientes para emulsionar y aportar viscosidad. Y como est\u00e1n pensadas para limpiar la piel debido a su uso externo, a\u00f1aden componentes limpiadores en forma de alcohol y\/o lauril sulfato s\u00f3dico. Dependiendo de la marca, puede haber componentes adicionales para a\u00f1adir fragancia, por ejemplo.    <\/p>\n\n<p>De la lista de ingredientes comunes, el principal problema suele ser el lauril sulfato s\u00f3dico. Es un irritante de las mucosas, por lo que no se utiliza para lubricantes de uso interno, sino s\u00f3lo para cremas externas. Debido a su propiedad irritante, se utiliza en enemas para el tratamiento del estre\u00f1imiento. <a href=\"https:\/\/www.ema.europa.eu\/en\/documents\/report\/sodium-laurilsulfate-used-excipient-report-published-support-questions-answers-sodium-laurilsulfate_en.pdf\">A partir de 2017, la Agencia Europea del Medicamento<\/a> no identifica ning\u00fan riesgo de causar c\u00e1ncer.  <\/p>\n\n<p>He probado diferentes marcas de Crema Acuosa, y lo que puedo confirmar es que experiment\u00e9 irritaci\u00f3n con una de ellas, pero no con todas. Fue entonces cuando me di cuenta de que la lista de ingredientes es importante, por lo que perm\u00edteme compartir aqu\u00ed mis opiniones. <\/p>\n\n<p><a href=\"https:\/\/incidecoder.com\/products\/boots-aqueous-cream\">La Crema Acuosa Boots<\/a> contiene agua, parafina l\u00edquida, parafina blanca, clorocresol, alcohol cetostear\u00edlico y lauril sulfato s\u00f3dico. <a href=\"https:\/\/www.tabletwise.net\/medicine\/liquid-paraffin-chlorocresol\">El clorocresol <\/a>es antis\u00e9ptico\/aintif\u00fangico y puede utilizarse en lubricantes intrauterinos como antis\u00e9ptico. Es raro, pero puede generar irritaci\u00f3n anal. El lauril sulfato s\u00f3dico est\u00e1 presente y puede generar irritaci\u00f3n, y el alcohol cetoestear\u00edlico, que se utiliza como controlador de la viscosidad, tambi\u00e9n puede irritar. Seg\u00fan mi experiencia, \u00e9ste es uno de mis favoritos, ya que nunca he desarrollado ninguna reacci\u00f3n a esta marca en particular.   <\/p>\n\n<p><a href=\"https:\/\/lloydspharmacy.ie\/products\/aqueous-cream-ovelle-500g\">La crema acuosa Ovelle<\/a> s\u00f3lo contiene agua, alcohol cetear\u00edlico, vaselina, parafina, lauril sulfato s\u00f3dico y fenoxietanol. Est\u00e1 disponible en bastantes farmacias de Irlanda (que no son Boots), como <a href=\"https:\/\/www.chemistwarehouse.ie\/\">Chemist Warehouse<\/a>. Tiene una consistencia similar a la f\u00f3rmula de Boots y funciona de forma parecida.    <strong>Y es m\u00e1s barato, sobre todo si lo compras en Chemist Warehouse.<\/strong><\/p>\n\n<p>La <a href=\"https:\/\/incidecoder.com\/products\/nuage-aqueous-cream\">crema acuosa Nuage<\/a> y la <a href=\"https:\/\/incidecoder.com\/products\/xbc-aqueous-cream\">crema acuosa XBC<\/a> suelen encontrarse en las tiendas de bajo coste de Irlanda, como Mister Price y EuroGiant. La de Nuage tiene una lista de componentes similar a la f\u00f3rmula de Boots y no me caus\u00f3 ninguna mala sensaci\u00f3n. Es un poco m\u00e1s l\u00edquido y menos cremoso, por lo que no requiere que se le a\u00f1ada silicona o J-Lube encima. Me inclino m\u00e1s por la consistencia de la f\u00f3rmula de Boots y a\u00f1adir J-Lube\/silicona, pero Nuage funciona bien. La f\u00f3rmula XBC tiene algunos productos m\u00e1s en la lista, y en mi caso genera un poco de irritaci\u00f3n.      <\/p>\n\n<p>Como he dicho antes, Boy Butter H2O (y otros lubricantes H2O que son una crema blanca) se basan bastante en la Crema Acuosa. <a href=\"https:\/\/www.boybutter.com\/products\/boy-butter-h2o-4-oz\">En efecto, Boy Butter contiene<\/a> glicerina, glicol, parabenos y glicerinas, lo que creo que trae bastante de la f\u00f3rmula XBC y con algunos ingredientes a\u00f1adidos como los parabenos. Hay diferentes opiniones en torno a los parabenos y a si son seguros para el cuerpo, por lo que algunos fabricantes se est\u00e1n alejando de ellos. Bas\u00e1ndome en mis experiencias recientes, creo que la mejor opci\u00f3n es reducir la cantidad de componentes.    <\/p>\n\n<p>Por eso <strong>yo recomendar\u00eda optar por Ovelle y Boots<\/strong>. Sin embargo, si hay una fiesta por delante y no dispongo de lubricante, no tendr\u00e9 problemas en comprar la Crema Acuosa que pueda conseguir de donde pueda. <\/p>\n\n<p><\/p>\n","protected":false},"excerpt":{"rendered":"<p>Los lubricantes dise\u00f1ados para el sexo son a base de silicona, a base de agua o a base de aceite. Algunos son una combinaci\u00f3n de silicona y agua, o de aceite y silicona (h\u00edbridos), que suelen obtener lo mejor de los 2 mundos. Tener unos cuantos diferentes siempre a mano es una buena idea, ya que puede haber algunas incompatibilidades a tener en cuenta, y eso condicionar\u00e1 nuestra decisi\u00f3n de decantarnos por uno u otro en una sesi\u00f3n.  <\/p>\n","protected":false},"author":1,"featured_media":0,"parent":4046,"menu_order":0,"comment_status":"closed","ping_status":"closed","template":"","meta":{"jetpack_post_was_ever_published":false,"footnotes":""},"class_list":["post-4048","page","type-page","status-publish","hentry"],"jetpack_sharing_enabled":true,"_links":{"self":[{"href":"https:\/\/www.theredwolf.net\/es\/wp-json\/wp\/v2\/pages\/4048","targetHints":{"allow":["GET"]}}],"collection":[{"href":"https:\/\/www.theredwolf.net\/es\/wp-json\/wp\/v2\/pages"}],"about":[{"href":"https:\/\/www.theredwolf.net\/es\/wp-json\/wp\/v2\/types\/page"}],"author":[{"embeddable":true,"href":"https:\/\/www.theredwolf.net\/es\/wp-json\/wp\/v2\/users\/1"}],"replies":[{"embeddable":true,"href":"https:\/\/www.theredwolf.net\/es\/wp-json\/wp\/v2\/comments?post=4048"}],"version-history":[{"count":3,"href":"https:\/\/www.theredwolf.net\/es\/wp-json\/wp\/v2\/pages\/4048\/revisions"}],"predecessor-version":[{"id":4147,"href":"https:\/\/www.theredwolf.net\/es\/wp-json\/wp\/v2\/pages\/4048\/revisions\/4147"}],"up":[{"embeddable":true,"href":"https:\/\/www.theredwolf.net\/es\/wp-json\/wp\/v2\/pages\/4046"}],"wp:attachment":[{"href":"https:\/\/www.theredwolf.net\/es\/wp-json\/wp\/v2\/media?parent=4048"}],"curies":[{"name":"wp","href":"https:\/\/api.w.org\/{rel}","templated":true}]}}